{"id":726,"date":"2017-02-07T10:52:36","date_gmt":"2017-02-07T09:52:36","guid":{"rendered":"http:\/\/wawcoworcm.cluster011.ovh.net\/?page_id=726"},"modified":"2017-02-07T10:52:36","modified_gmt":"2017-02-07T09:52:36","slug":"espace-coworking-narbonne","status":"publish","type":"page","link":"https:\/\/new.waw-coworking.com\/index.php\/espace-coworking-narbonne\/","title":{"rendered":"ESPACE COWORKING"},"content":{"rendered":"<p>[et_pb_section fb_built=\u00a0\u00bb1&Prime; fullwidth=\u00a0\u00bbon\u00a0\u00bb _builder_version=\u00a0\u00bb3.22&Prime;][et_pb_fullwidth_image src=\u00a0\u00bbhttps:\/\/www.waw-coworking.com\/wp-content\/uploads\/2018\/03\/waw-coworking-salledeformation44.jpg\u00a0\u00bb _builder_version=\u00a0\u00bb3.0.72&Prime; animation_style=\u00a0\u00bbslide\u00a0\u00bb animation_direction=\u00a0\u00bbleft\u00a0\u00bb animation_duration=\u00a0\u00bb500ms\u00a0\u00bb animation_intensity_slide=\u00a0\u00bb10%\u00a0\u00bb][\/et_pb_fullwidth_image][\/et_pb_section][et_pb_section fb_built=\u00a0\u00bb1&Prime; admin_label=\u00a0\u00bbsection\u00a0\u00bb _builder_version=\u00a0\u00bb3.22&Prime; background_color=\u00a0\u00bb#f2f2f2&Prime; custom_padding=\u00a0\u00bb38px|0px|4px|0px\u00a0\u00bb][et_pb_row admin_label=\u00a0\u00bbrow\u00a0\u00bb _builder_version=\u00a0\u00bb3.25&Prime; background_size=\u00a0\u00bbinitial\u00a0\u00bb background_position=\u00a0\u00bbtop_left\u00a0\u00bb background_repeat=\u00a0\u00bbrepeat\u00a0\u00bb custom_padding=\u00a0\u00bb2px|0px|0px|0px\u00a0\u00bb][et_pb_column type=\u00a0\u00bb4_4&Prime; _builder_version=\u00a0\u00bb3.25&Prime; custom_padding=\u00a0\u00bb|||\u00a0\u00bb custom_padding__hover=\u00a0\u00bb|||\u00a0\u00bb][et_pb_testimonial quote_icon_color=\u00a0\u00bb#eb5d2b\u00a0\u00bb quote_icon_background_color=\u00a0\u00bb#eaeaea\u00a0\u00bb _builder_version=\u00a0\u00bb3.2&Prime; body_font=\u00a0\u00bbLato Light||||\u00a0\u00bb body_font_size=\u00a0\u00bb32px\u00a0\u00bb background_color=\u00a0\u00bb#f4f4f4&Prime; background_size=\u00a0\u00bbinitial\u00a0\u00bb background_position=\u00a0\u00bbtop_left\u00a0\u00bb background_repeat=\u00a0\u00bbrepeat\u00a0\u00bb text_orientation=\u00a0\u00bbcenter\u00a0\u00bb]<\/p>\n<p>WAW est le premier espace de coworking \u00e0 Narbonne<br \/> Ici&#8230; Pas de caution, pas de bail, pas de condition d&rsquo;admission<br \/> <span style=\"color: #ff6600;\"><strong>Tarif unique de 5\u20ac pour la journ\u00e9e<\/strong><\/span><\/p>\n<p>[\/et_pb_testimonial][\/et_pb_column][\/et_pb_row][\/et_pb_section][et_pb_section fb_built=\u00a0\u00bb1&Prime; _builder_version=\u00a0\u00bb3.22&Prime; custom_padding=\u00a0\u00bb53.4375px|0px|39px|0px\u00a0\u00bb][et_pb_row _builder_version=\u00a0\u00bb3.25&Prime; custom_padding=\u00a0\u00bb1px|0px|26.71875px|0px\u00a0\u00bb][et_pb_column type=\u00a0\u00bb4_4&Prime; _builder_version=\u00a0\u00bb3.25&Prime; custom_padding=\u00a0\u00bb|||\u00a0\u00bb custom_padding__hover=\u00a0\u00bb|||\u00a0\u00bb][et_pb_text admin_label=\u00a0\u00bbIntroduction\u00a0\u00bb module_id=\u00a0\u00bbcest-quoi-coworking\u00a0\u00bb _builder_version=\u00a0\u00bb3.27.4&Prime; text_font=\u00a0\u00bbLato Light||||\u00a0\u00bb text_font_size=\u00a0\u00bb20px\u00a0\u00bb text_line_height=\u00a0\u00bb1.5em\u00a0\u00bb header_font=\u00a0\u00bbRoboto Condensed|on|||\u00a0\u00bb header_text_color=\u00a0\u00bb#eb5d2b\u00a0\u00bb header_letter_spacing=\u00a0\u00bb1px\u00a0\u00bb header_line_height=\u00a0\u00bb1.7em\u00a0\u00bb background_size=\u00a0\u00bbinitial\u00a0\u00bb background_position=\u00a0\u00bbtop_left\u00a0\u00bb background_repeat=\u00a0\u00bbrepeat\u00a0\u00bb text_orientation=\u00a0\u00bbcenter\u00a0\u00bb module_alignment=\u00a0\u00bbcenter\u00a0\u00bb]<\/p>\n<h1 style=\"text-align: center;\"><\/h1>\n<p style=\"text-align: center;\">Lieu de socialisation propice \u00e0 l\u2019\u00e9change, la stimulation et la cr\u00e9ation,<\/p>\n<p>WAW offre\u00a0une ambiance de bureau conviviale et inspirante,\u00a0sans hi\u00e9rarchie ni comp\u00e9tition.<br \/> Les profils repr\u00e9sent\u00e9s sont diff\u00e9rents, compl\u00e9mentaires, de fa\u00e7on \u00e0 pouvoir cr\u00e9er des synergies.<\/p>\n<p>Graphistes, architectes, formateurs, \u00a0startupers, ind\u00e9pendants, journalistes, photographes, coachs,\u00a0consultants, webmasters, <br \/>community managers\u2026\u00a0autant de m\u00e9tiers interd\u00e9pendants\u00a0qui pourront collaborer et travailler ensemble.<\/p>\n<p>Le coworking, avec WAW, c\u2019est la libert\u00e9 d\u2019entreprendre,<br \/> d\u2019\u00eatre autonome sans jamais \u00eatre coup\u00e9 du monde et de ses opportunit\u00e9s.<\/p>\n<p>[\/et_pb_text][\/et_pb_column][\/et_pb_row][\/et_pb_section][et_pb_section fb_built=\u00a0\u00bb1&Prime; _builder_version=\u00a0\u00bb3.22&Prime; background_image=\u00a0\u00bbhttps:\/\/www.waw-coworking.com\/wp-content\/uploads\/2017\/02\/caf\u00e9CW.jpg\u00a0\u00bb custom_padding=\u00a0\u00bb17px|0px|50.3125px|0px\u00a0\u00bb][et_pb_row admin_label=\u00a0\u00bbrow\u00a0\u00bb _builder_version=\u00a0\u00bb3.25&Prime; background_size=\u00a0\u00bbinitial\u00a0\u00bb background_position=\u00a0\u00bbtop_left\u00a0\u00bb background_repeat=\u00a0\u00bbrepeat\u00a0\u00bb][et_pb_column type=\u00a0\u00bb4_4&Prime; _builder_version=\u00a0\u00bb3.25&Prime; custom_padding=\u00a0\u00bb|||\u00a0\u00bb custom_padding__hover=\u00a0\u00bb|||\u00a0\u00bb][et_pb_text _builder_version=\u00a0\u00bb3.27.4&Prime; text_font=\u00a0\u00bbLato Light||||\u00a0\u00bb text_text_color=\u00a0\u00bb#282828&Prime; text_line_height=\u00a0\u00bb1.2em\u00a0\u00bb header_font=\u00a0\u00bbRoboto Condensed||||\u00a0\u00bb header_letter_spacing=\u00a0\u00bb3px\u00a0\u00bb background_color=\u00a0\u00bbrgba(255,255,255,0.8)\u00a0\u00bb background_size=\u00a0\u00bbinitial\u00a0\u00bb background_position=\u00a0\u00bbtop_left\u00a0\u00bb background_repeat=\u00a0\u00bbrepeat\u00a0\u00bb text_orientation=\u00a0\u00bbcenter\u00a0\u00bb module_alignment=\u00a0\u00bbcenter\u00a0\u00bb custom_margin=\u00a0\u00bb|||\u00a0\u00bb custom_padding=\u00a0\u00bb30px|30px|10px|30px\u00a0\u00bb]<\/p>\n<h1>C&rsquo;EST QUOI LE COWORKING ?<\/h1>\n<p>Choisir d\u2019\u00eatre \u00e0 son compte c\u2019est faire le choix de l\u2019ind\u00e9pendance, de la libert\u00e9 et de l\u2019autonomie. Ind\u00e9pendants, freelances et\u00a0entrepreneurs <br \/>se heurtent malheureusement bien souvent au probl\u00e8me de la solitude et de l\u2019isolement social. [accordion] [accordion-item title=\u00a0\u00bben savoir plus\u00a0\u00bb]Cette solitude est pesante humainement et p\u00e9nalisante\u00a0professionnellement.\u00a0Le coworking est n\u00e9 du besoin d\u2019\u00e9change de la communaut\u00e9 grandissante des ind\u00e9pendants.\u00a0Imaginez un espace o\u00f9 vous pouvez travailler en toute libert\u00e9, ensembles mais pour des clients distincts, un environnement stimulant, sans hi\u00e9rarchie, sans comp\u00e9tition, sans politique, un cadre convivial et cosy.\u00a0Un espace de coworking,\u00a0c&rsquo;est un espace de travail partag\u00e9,\u00a0\u00e0 destination des ind\u00e9pendants,\u00a0start-up, t\u00e9l\u00e9travailleurs, \u00e9tudiants&#8230; qui souhaitent rompre l&rsquo;isolement et recherchent une solution \u00e9conomique et conviviale.Le coworking c&rsquo;est un espace entre le bureau et la maison pour travailler comme \u00e0 la maison mais en mieux<\/p>\n<p>[\/et_pb_text][\/et_pb_column][\/et_pb_row][et_pb_row admin_label=\u00a0\u00bbrow\u00a0\u00bb _builder_version=\u00a0\u00bb3.25&Prime; background_size=\u00a0\u00bbinitial\u00a0\u00bb background_position=\u00a0\u00bbtop_left\u00a0\u00bb background_repeat=\u00a0\u00bbrepeat\u00a0\u00bb custom_padding=\u00a0\u00bb20px|0px|25.15625px|0px\u00a0\u00bb][et_pb_column type=\u00a0\u00bb4_4&Prime; _builder_version=\u00a0\u00bb3.25&Prime; custom_padding=\u00a0\u00bb|||\u00a0\u00bb custom_padding__hover=\u00a0\u00bb|||\u00a0\u00bb][et_pb_text admin_label=\u00a0\u00bbDes formules flexibles\u00a0\u00bb module_id=\u00a0\u00bbtarifs-coworking\u00a0\u00bb _builder_version=\u00a0\u00bb3.27.4&Prime; text_font=\u00a0\u00bbLato Light||||\u00a0\u00bb text_font_size=\u00a0\u00bb30px\u00a0\u00bb text_letter_spacing=\u00a0\u00bb5px\u00a0\u00bb header_text_color=\u00a0\u00bb#eb5d2b\u00a0\u00bb header_font_size=\u00a0\u00bb40px\u00a0\u00bb header_letter_spacing=\u00a0\u00bb8px\u00a0\u00bb header_line_height=\u00a0\u00bb1.7em\u00a0\u00bb background_size=\u00a0\u00bbinitial\u00a0\u00bb background_position=\u00a0\u00bbtop_left\u00a0\u00bb background_repeat=\u00a0\u00bbrepeat\u00a0\u00bb text_orientation=\u00a0\u00bbcenter\u00a0\u00bb background_layout=\u00a0\u00bbdark\u00a0\u00bb module_alignment=\u00a0\u00bbcenter\u00a0\u00bb custom_margin=\u00a0\u00bb40px|||\u00a0\u00bb custom_padding=\u00a0\u00bb|||\u00a0\u00bb inline_fonts=\u00a0\u00bbLato Light\u00a0\u00bb]<\/p>\n<h2><span style=\"font-size: xx-large; font-family: Lato;\"><strong>DES FORMULES FLEXIBLES ET MODULABLES<\/strong><\/span><\/h2>\n<h2><span style=\"font-size: xx-large; font-family: Lato;\"><strong>EN FONCTION DE VOS BESOINS<\/strong><\/span><\/h2>\n<p>[\/et_pb_text][\/et_pb_column][\/et_pb_row][et_pb_row column_structure=\u00a0\u00bb1_2,1_2&Prime; admin_label=\u00a0\u00bbrow\u00a0\u00bb _builder_version=\u00a0\u00bb3.25&Prime; background_size=\u00a0\u00bbinitial\u00a0\u00bb background_position=\u00a0\u00bbtop_left\u00a0\u00bb background_repeat=\u00a0\u00bbrepeat\u00a0\u00bb custom_padding=\u00a0\u00bb27px|0px|27px|0px|false|false\u00a0\u00bb][et_pb_column type=\u00a0\u00bb1_2&Prime; _builder_version=\u00a0\u00bb3.25&Prime; custom_padding=\u00a0\u00bb|||\u00a0\u00bb custom_padding__hover=\u00a0\u00bb|||\u00a0\u00bb][et_pb_text _builder_version=\u00a0\u00bb3.27.4&Prime; text_font=\u00a0\u00bbLato Light||||\u00a0\u00bb text_text_color=\u00a0\u00bb#282828&Prime; text_line_height=\u00a0\u00bb1.2em\u00a0\u00bb header_font=\u00a0\u00bbRoboto Condensed||||\u00a0\u00bb header_letter_spacing=\u00a0\u00bb3px\u00a0\u00bb background_color=\u00a0\u00bbrgba(255,255,255,0.8)\u00a0\u00bb background_size=\u00a0\u00bbinitial\u00a0\u00bb background_position=\u00a0\u00bbtop_left\u00a0\u00bb background_repeat=\u00a0\u00bbrepeat\u00a0\u00bb text_orientation=\u00a0\u00bbcenter\u00a0\u00bb module_alignment=\u00a0\u00bbcenter\u00a0\u00bb custom_margin=\u00a0\u00bb|||\u00a0\u00bb custom_padding=\u00a0\u00bb30px|30px||30px\u00a0\u00bb]<\/p>\n<h1>COWORKING\u00a0CAF\u00c9<\/h1>\n<p>La convivialit\u00e9 d&rsquo;un caf\u00e9 et\u00a0l&rsquo;ambiance<br \/> studieuse d&rsquo;un coworking\u00a0\u00e0 la fois.<\/p>\n<p>Wifi gratuite, imprimante multifonctions.<br \/> Acc\u00e8s illimit\u00e9 au Coworking Caf\u00e9.<\/p>\n<p>le principe est simple vous payer \u00e0 la journ\u00e9e et pas l&rsquo;heure ou \u00e0 la consommation<\/p>\n<h3>5\u20ac la journ\u00e9e<\/h3>\n<p>(Prix TTC)<\/p>\n<p><span style=\"font-size: 16px;\">\u00a0<\/span><\/p>\n<p>[\/et_pb_text][\/et_pb_column][et_pb_column type=\u00a0\u00bb1_2&Prime; _builder_version=\u00a0\u00bb3.25&Prime; custom_padding=\u00a0\u00bb|||\u00a0\u00bb custom_padding__hover=\u00a0\u00bb|||\u00a0\u00bb][et_pb_text _builder_version=\u00a0\u00bb3.27.4&Prime; text_font=\u00a0\u00bbLato Light||||\u00a0\u00bb text_text_color=\u00a0\u00bb#282828&Prime; text_line_height=\u00a0\u00bb1.2em\u00a0\u00bb header_font=\u00a0\u00bbRoboto Condensed||||\u00a0\u00bb header_text_color=\u00a0\u00bb#eb5d2b\u00a0\u00bb header_letter_spacing=\u00a0\u00bb2px\u00a0\u00bb header_line_height=\u00a0\u00bb1.4em\u00a0\u00bb background_color=\u00a0\u00bbrgba(255,255,255,0.8)\u00a0\u00bb background_size=\u00a0\u00bbinitial\u00a0\u00bb background_position=\u00a0\u00bbtop_left\u00a0\u00bb background_repeat=\u00a0\u00bbrepeat\u00a0\u00bb text_orientation=\u00a0\u00bbcenter\u00a0\u00bb module_alignment=\u00a0\u00bbcenter\u00a0\u00bb custom_margin=\u00a0\u00bb|||\u00a0\u00bb custom_padding=\u00a0\u00bb30px|30px|30px|30px\u00a0\u00bb border_width_all=\u00a0\u00bb0px\u00a0\u00bb border_color_all=\u00a0\u00bb#ffffff\u00a0\u00bb border_style_all=\u00a0\u00bbsolid\u00a0\u00bb use_border_color=\u00a0\u00bbon\u00a0\u00bb border_width=\u00a0\u00bb0px\u00a0\u00bb]<\/p>\n<h1><\/h1>\n<h1>COWORKING r\u00e9disent<\/h1>\n<p>Pour ceux qui ne veulent plus nous quitter. <br \/> Engagement d&rsquo;un mois. <br \/> 24h \/ 24h, 7 jours sur 7 avec un pass personnel. Wifi, casier ferm\u00e9, imprimante multifonctions.<\/p>\n<p>&nbsp;<\/p>\n<h3>80\u20ac TTC \/mois<\/h3>\n<h3>\u00a0<\/h3>\n<h3>ou 100\u20ac TTC\/mois boissons chaudes illimit\u00e9es<\/h3>\n<p>&nbsp;<\/p>\n<p>[\/et_pb_text][\/et_pb_column][\/et_pb_row][\/et_pb_section]<\/p>\n","protected":false},"excerpt":{"rendered":"<p>[et_pb_section fb_built=\u00a0\u00bb1&Prime; fullwidth=\u00a0\u00bbon\u00a0\u00bb _builder_version=\u00a0\u00bb3.22&Prime;][et_pb_fullwidth_image src=\u00a0\u00bbhttps:\/\/www.waw-coworking.com\/wp-content\/uploads\/2018\/03\/waw-coworking-salledeformation44.jpg\u00a0\u00bb _builder_version=\u00a0\u00bb3.0.72&Prime; animation_style=\u00a0\u00bbslide\u00a0\u00bb animation_direction=\u00a0\u00bbleft\u00a0\u00bb animation_duration=\u00a0\u00bb500ms\u00a0\u00bb animation_intensity_slide=\u00a0\u00bb10%\u00a0\u00bb][\/et_pb_fullwidth_image][\/et_pb_section][et_pb_section fb_built=\u00a0\u00bb1&Prime; admin_label=\u00a0\u00bbsection\u00a0\u00bb _builder_version=\u00a0\u00bb3.22&Prime; background_color=\u00a0\u00bb#f2f2f2&Prime; custom_padding=\u00a0\u00bb38px|0px|4px|0px\u00a0\u00bb][et_pb_row admin_label=\u00a0\u00bbrow\u00a0\u00bb _builder_version=\u00a0\u00bb3.25&Prime; background_size=\u00a0\u00bbinitial\u00a0\u00bb background_position=\u00a0\u00bbtop_left\u00a0\u00bb background_repeat=\u00a0\u00bbrepeat\u00a0\u00bb custom_padding=\u00a0\u00bb2px|0px|0px|0px\u00a0\u00bb][et_pb_column type=\u00a0\u00bb4_4&Prime; _builder_version=\u00a0\u00bb3.25&Prime; custom_padding=\u00a0\u00bb|||\u00a0\u00bb custom_padding__hover=\u00a0\u00bb|||\u00a0\u00bb][et_pb_testimonial quote_icon_color=\u00a0\u00bb#eb5d2b\u00a0\u00bb quote_icon_background_color=\u00a0\u00bb#eaeaea\u00a0\u00bb _builder_version=\u00a0\u00bb3.2&Prime; body_font=\u00a0\u00bbLato Light||||\u00a0\u00bb body_font_size=\u00a0\u00bb32px\u00a0\u00bb background_color=\u00a0\u00bb#f4f4f4&Prime; background_size=\u00a0\u00bbinitial\u00a0\u00bb background_position=\u00a0\u00bbtop_left\u00a0\u00bb background_repeat=\u00a0\u00bbrepeat\u00a0\u00bb text_orientation=\u00a0\u00bbcenter\u00a0\u00bb] WAW est le premier espace de coworking \u00e0 Narbonne Ici&#8230; Pas de caution, pas de bail, pas de condition [&hellip;]<\/p>\n","protected":false},"author":1,"featured_media":1211,"parent":0,"menu_order":0,"comment_status":"closed","ping_status":"closed","template":"","meta":{"_et_pb_use_builder":"on","_et_pb_old_content":"","_et_gb_content_width":"","footnotes":""},"class_list":["post-726","page","type-page","status-publish","has-post-thumbnail","hentry"],"yoast_head":"<!-- This site is optimized with the Yoast SEO plugin v20.10 - https:\/\/yoast.com\/wordpress\/plugins\/seo\/ -->\n<title>Espace de coworking \u00e0 Narbonne | Travaillez diff\u00e9rement !<\/title>\n<meta name=\"description\" content=\"Travaillez dans dans un espace de coworking \u00e0 Narbonne inspirant et novateur dans une ambiance cosy et conviviale. Tarifs attractifs, parking gratuit, wifi HD\" \/>\n<meta name=\"robots\" content=\"index, follow, max-snippet:-1, max-image-preview:large, max-video-preview:-1\" \/>\n<link rel=\"canonical\" href=\"https:\/\/new.waw-coworking.com\/index.php\/espace-coworking-narbonne\/\" \/>\n<meta property=\"og:locale\" content=\"fr_FR\" \/>\n<meta property=\"og:type\" content=\"article\" \/>\n<meta property=\"og:title\" content=\"Espace de coworking \u00e0 Narbonne | Travaillez diff\u00e9rement !\" \/>\n<meta property=\"og:description\" content=\"Travaillez dans dans un espace de coworking \u00e0 Narbonne inspirant et novateur dans une ambiance cosy et conviviale. Tarifs attractifs, parking gratuit, wifi HD\" \/>\n<meta property=\"og:url\" content=\"https:\/\/new.waw-coworking.com\/index.php\/espace-coworking-narbonne\/\" \/>\n<meta property=\"og:site_name\" content=\"WAW\" \/>\n<meta name=\"twitter:card\" content=\"summary_large_image\" \/>\n<meta name=\"twitter:label1\" content=\"Dur\u00e9e de lecture estim\u00e9e\" \/>\n\t<meta name=\"twitter:data1\" content=\"5 minutes\" \/>\n<script type=\"application\/ld+json\" class=\"yoast-schema-graph\">{\"@context\":\"https:\/\/schema.org\",\"@graph\":[{\"@type\":\"WebPage\",\"@id\":\"https:\/\/new.waw-coworking.com\/index.php\/espace-coworking-narbonne\/\",\"url\":\"https:\/\/new.waw-coworking.com\/index.php\/espace-coworking-narbonne\/\",\"name\":\"Espace de coworking \u00e0 Narbonne | Travaillez diff\u00e9rement !\",\"isPartOf\":{\"@id\":\"https:\/\/new.waw-coworking.com\/#website\"},\"datePublished\":\"2017-02-07T09:52:36+00:00\",\"dateModified\":\"2017-02-07T09:52:36+00:00\",\"description\":\"Travaillez dans dans un espace de coworking \u00e0 Narbonne inspirant et novateur dans une ambiance cosy et conviviale. Tarifs attractifs, parking gratuit, wifi HD\",\"breadcrumb\":{\"@id\":\"https:\/\/new.waw-coworking.com\/index.php\/espace-coworking-narbonne\/#breadcrumb\"},\"inLanguage\":\"fr-FR\",\"potentialAction\":[{\"@type\":\"ReadAction\",\"target\":[\"https:\/\/new.waw-coworking.com\/index.php\/espace-coworking-narbonne\/\"]}]},{\"@type\":\"BreadcrumbList\",\"@id\":\"https:\/\/new.waw-coworking.com\/index.php\/espace-coworking-narbonne\/#breadcrumb\",\"itemListElement\":[{\"@type\":\"ListItem\",\"position\":1,\"name\":\"Acceuil\",\"item\":\"https:\/\/new.waw-coworking.com\/\"},{\"@type\":\"ListItem\",\"position\":2,\"name\":\"ESPACE COWORKING\"}]},{\"@type\":\"WebSite\",\"@id\":\"https:\/\/new.waw-coworking.com\/#website\",\"url\":\"https:\/\/new.waw-coworking.com\/\",\"name\":\"WAW\",\"description\":\"\",\"potentialAction\":[{\"@type\":\"SearchAction\",\"target\":{\"@type\":\"EntryPoint\",\"urlTemplate\":\"https:\/\/new.waw-coworking.com\/?s={search_term_string}\"},\"query-input\":\"required name=search_term_string\"}],\"inLanguage\":\"fr-FR\"}]}<\/script>\n<!-- \/ Yoast SEO plugin. -->","yoast_head_json":{"title":"Espace de coworking \u00e0 Narbonne | Travaillez diff\u00e9rement !","description":"Travaillez dans dans un espace de coworking \u00e0 Narbonne inspirant et novateur dans une ambiance cosy et conviviale. Tarifs attractifs, parking gratuit, wifi HD","robots":{"index":"index","follow":"follow","max-snippet":"max-snippet:-1","max-image-preview":"max-image-preview:large","max-video-preview":"max-video-preview:-1"},"canonical":"https:\/\/new.waw-coworking.com\/index.php\/espace-coworking-narbonne\/","og_locale":"fr_FR","og_type":"article","og_title":"Espace de coworking \u00e0 Narbonne | Travaillez diff\u00e9rement !","og_description":"Travaillez dans dans un espace de coworking \u00e0 Narbonne inspirant et novateur dans une ambiance cosy et conviviale. Tarifs attractifs, parking gratuit, wifi HD","og_url":"https:\/\/new.waw-coworking.com\/index.php\/espace-coworking-narbonne\/","og_site_name":"WAW","twitter_card":"summary_large_image","twitter_misc":{"Dur\u00e9e de lecture estim\u00e9e":"5 minutes"},"schema":{"@context":"https:\/\/schema.org","@graph":[{"@type":"WebPage","@id":"https:\/\/new.waw-coworking.com\/index.php\/espace-coworking-narbonne\/","url":"https:\/\/new.waw-coworking.com\/index.php\/espace-coworking-narbonne\/","name":"Espace de coworking \u00e0 Narbonne | Travaillez diff\u00e9rement !","isPartOf":{"@id":"https:\/\/new.waw-coworking.com\/#website"},"datePublished":"2017-02-07T09:52:36+00:00","dateModified":"2017-02-07T09:52:36+00:00","description":"Travaillez dans dans un espace de coworking \u00e0 Narbonne inspirant et novateur dans une ambiance cosy et conviviale. Tarifs attractifs, parking gratuit, wifi HD","breadcrumb":{"@id":"https:\/\/new.waw-coworking.com\/index.php\/espace-coworking-narbonne\/#breadcrumb"},"inLanguage":"fr-FR","potentialAction":[{"@type":"ReadAction","target":["https:\/\/new.waw-coworking.com\/index.php\/espace-coworking-narbonne\/"]}]},{"@type":"BreadcrumbList","@id":"https:\/\/new.waw-coworking.com\/index.php\/espace-coworking-narbonne\/#breadcrumb","itemListElement":[{"@type":"ListItem","position":1,"name":"Acceuil","item":"https:\/\/new.waw-coworking.com\/"},{"@type":"ListItem","position":2,"name":"ESPACE COWORKING"}]},{"@type":"WebSite","@id":"https:\/\/new.waw-coworking.com\/#website","url":"https:\/\/new.waw-coworking.com\/","name":"WAW","description":"","potentialAction":[{"@type":"SearchAction","target":{"@type":"EntryPoint","urlTemplate":"https:\/\/new.waw-coworking.com\/?s={search_term_string}"},"query-input":"required name=search_term_string"}],"inLanguage":"fr-FR"}]}},"_links":{"self":[{"href":"https:\/\/new.waw-coworking.com\/index.php\/wp-json\/wp\/v2\/pages\/726","targetHints":{"allow":["GET"]}}],"collection":[{"href":"https:\/\/new.waw-coworking.com\/index.php\/wp-json\/wp\/v2\/pages"}],"about":[{"href":"https:\/\/new.waw-coworking.com\/index.php\/wp-json\/wp\/v2\/types\/page"}],"author":[{"embeddable":true,"href":"https:\/\/new.waw-coworking.com\/index.php\/wp-json\/wp\/v2\/users\/1"}],"replies":[{"embeddable":true,"href":"https:\/\/new.waw-coworking.com\/index.php\/wp-json\/wp\/v2\/comments?post=726"}],"version-history":[{"count":0,"href":"https:\/\/new.waw-coworking.com\/index.php\/wp-json\/wp\/v2\/pages\/726\/revisions"}],"wp:featuredmedia":[{"embeddable":true,"href":"https:\/\/new.waw-coworking.com\/index.php\/wp-json\/"}],"wp:attachment":[{"href":"https:\/\/new.waw-coworking.com\/index.php\/wp-json\/wp\/v2\/media?parent=726"}],"curies":[{"name":"wp","href":"https:\/\/api.w.org\/{rel}","templated":true}]}}