{"id":2385,"date":"2018-02-19T20:02:45","date_gmt":"2018-02-19T19:02:45","guid":{"rendered":"http:\/\/www.waw-coworking.com\/?page_id=2385"},"modified":"2018-02-19T20:02:45","modified_gmt":"2018-02-19T19:02:45","slug":"nos-partenaires","status":"publish","type":"page","link":"https:\/\/new.waw-coworking.com\/index.php\/nos-partenaires\/","title":{"rendered":"Nos permanences"},"content":{"rendered":"<p>[et_pb_section fb_built=\u00a0\u00bb1&Prime; _builder_version=\u00a0\u00bb3.22&Prime;][et_pb_row _builder_version=\u00a0\u00bb3.25&Prime;][et_pb_column type=\u00a0\u00bb4_4&Prime; _builder_version=\u00a0\u00bb3.25&Prime; custom_padding=\u00a0\u00bb|||\u00a0\u00bb custom_padding__hover=\u00a0\u00bb|||\u00a0\u00bb][et_pb_team_member name=\u00a0\u00bbFabienne Arnaud\u00a0\u00bb position=\u00a0\u00bbExpert Comptable\u00a0\u00bb image_url=\u00a0\u00bbhttps:\/\/www.waw-coworking.com\/wp-content\/uploads\/2019\/04\/waw-coworking-coworkers-FAB-narbonne.jpeg_5.jpg\u00a0\u00bb _builder_version=\u00a0\u00bb3.19.5&Prime; custom_margin=\u00a0\u00bb20px||20px|\u00a0\u00bb custom_padding=\u00a0\u00bb20px||20px|\u00a0\u00bb border_style=\u00a0\u00bbsolid\u00a0\u00bb]<\/p>\n<h4><span style=\"color: #000000;\">Permanence Expert Comptable Gratuite\u00a0<\/span><\/h4>\n<p>Que vous soyez chef d\u2019entreprises, cr\u00e9ateur ou d\u00e9j\u00e0 install\u00e9, association et particulier qui h\u00e9site \u00e0 franchir le pas de se faire accompagner par un professionnel, oubliez les id\u00e9es re\u00e7ues sur les experts-comptables !<br \/> Au cours d&rsquo;un RDV gratuit, venez \u00e9changer sur votre situation et vos besoins.<br \/> Tous les deuxi\u00e8me lundis du mois<br \/> R\u00e9servation obligatoire au 06 10 23 09 64<\/p>\n<p>[\/et_pb_team_member][et_pb_team_member name=\u00a0\u00bbJean-Bruno Chantraine\u00a0\u00bb position=\u00a0\u00bbM\u00e9diateur Professionnel\u00a0\u00bb image_url=\u00a0\u00bbhttps:\/\/www.waw-coworking.com\/wp-content\/uploads\/2019\/04\/waw-coworking-coworkers-JB-narbonne.jpeg_4.jpg\u00a0\u00bb _builder_version=\u00a0\u00bb3.19.5&Prime; custom_margin=\u00a0\u00bb20px||20px|\u00a0\u00bb custom_padding=\u00a0\u00bb20px||20px|\u00a0\u00bb border_style=\u00a0\u00bbsolid\u00a0\u00bb]<\/p>\n<h4><span style=\"color: #000000;\">Permanence M\u00e9diatique Professionnelle Gratuite\u00a0<\/span><\/h4>\n<p>Vous \u00eates bloqu\u00e9 dans une situation relationnelle difficile, vous ne savez pas comment restaurer les liens qui vous unissent \u00e0 votre employeur, votre conjoint, votre associ\u00e9&#8230;<br \/> Cette permanence avec un expert en qualit\u00e9 relationnelle est pour vous\u2026<br \/> Le Troisi\u00e8me lundi du mois<br \/> Renseignements et RDV au 06 20 34 20 84 ou chantraine@cpmn.fr<\/p>\n<p>[\/et_pb_team_member][et_pb_team_member name=\u00a0\u00bbLo\u00efc Viandier\u00a0\u00bb position=\u00a0\u00bbConsultant\u00a0\u00bb image_url=\u00a0\u00bbhttps:\/\/www.waw-coworking.com\/wp-content\/uploads\/2019\/11\/Loic.jpeg\u00a0\u00bb _builder_version=\u00a0\u00bb3.19.5&Prime; custom_margin=\u00a0\u00bb20px||20px|\u00a0\u00bb custom_padding=\u00a0\u00bb20px||20px|\u00a0\u00bb border_style=\u00a0\u00bbsolid\u00a0\u00bb]<\/p>\n<h4><span style=\"color: #000000;\">Permanence Strat\u00e9gie digitale des Entreprises Gratuites\u00a0<\/span><\/h4>\n<p><span>Tous les 1er lundi du mois, permanence gratuite sur r\u00e9servation uniquement.<\/span><br \/> <span>Prenez rendez-vous avec l&rsquo;agence Web Tramontana Web et faites le point sur votre strat\u00e9gie marketing en ligne. <\/span><br \/> <span>Tous les points cl\u00e9s d&rsquo;une strat\u00e9gie web adapt\u00e9e \u00e0 votre secteur d&rsquo;activit\u00e9 peuvent \u00eatre abord\u00e9s :<\/span><br \/> <span>&#8211; acqu\u00e9rir des prospects de mani\u00e8re automatis\u00e9e sur Internet?<\/span><br \/> <span>&#8211; mettre en place une strat\u00e9gie de r\u00e9f\u00e9rencement efficace et vous positionner sur les mots cl\u00e9s pertinents de votre secteur d&rsquo;activit\u00e9?<\/span><br \/> <span>&#8211; optimiser votre site Internet pour vendre davantage?<\/span><br \/> <span>&#8211; digitaliser sa strat\u00e9gie marketing et utiliser la puissance des r\u00e9seaux sociaux pour devenir leader de son secteur?<\/span><\/p>\n<p><span>&#8212;&gt; R\u00e9servation: mail@waw-coworking.com ou loic@mauiultrafins.fr<\/span><\/p>\n<p>[\/et_pb_team_member][\/et_pb_column][\/et_pb_row][\/et_pb_section]<\/p>\n","protected":false},"excerpt":{"rendered":"<p>[et_pb_section fb_built=\u00a0\u00bb1&Prime; _builder_version=\u00a0\u00bb3.22&Prime;][et_pb_row _builder_version=\u00a0\u00bb3.25&Prime;][et_pb_column type=\u00a0\u00bb4_4&Prime; _builder_version=\u00a0\u00bb3.25&Prime; custom_padding=\u00a0\u00bb|||\u00a0\u00bb custom_padding__hover=\u00a0\u00bb|||\u00a0\u00bb][et_pb_team_member name=\u00a0\u00bbFabienne Arnaud\u00a0\u00bb position=\u00a0\u00bbExpert Comptable\u00a0\u00bb image_url=\u00a0\u00bbhttps:\/\/www.waw-coworking.com\/wp-content\/uploads\/2019\/04\/waw-coworking-coworkers-FAB-narbonne.jpeg_5.jpg\u00a0\u00bb _builder_version=\u00a0\u00bb3.19.5&Prime; custom_margin=\u00a0\u00bb20px||20px|\u00a0\u00bb custom_padding=\u00a0\u00bb20px||20px|\u00a0\u00bb border_style=\u00a0\u00bbsolid\u00a0\u00bb] Permanence Expert Comptable Gratuite\u00a0 Que vous soyez chef d\u2019entreprises, cr\u00e9ateur ou d\u00e9j\u00e0 install\u00e9, association et particulier qui h\u00e9site \u00e0 franchir le pas de se faire accompagner par un professionnel, oubliez les id\u00e9es re\u00e7ues sur les experts-comptables ! Au [&hellip;]<\/p>\n","protected":false},"author":1,"featured_media":0,"parent":0,"menu_order":0,"comment_status":"closed","ping_status":"closed","template":"","meta":{"_et_pb_use_builder":"on","_et_pb_old_content":"","_et_gb_content_width":"","footnotes":""},"class_list":["post-2385","page","type-page","status-publish","hentry"],"yoast_head":"<!-- This site is optimized with the Yoast SEO plugin v20.10 - https:\/\/yoast.com\/wordpress\/plugins\/seo\/ -->\n<title>Nos permanences - WAW<\/title>\n<meta name=\"robots\" content=\"index, follow, max-snippet:-1, max-image-preview:large, max-video-preview:-1\" \/>\n<link rel=\"canonical\" href=\"https:\/\/new.waw-coworking.com\/index.php\/nos-partenaires\/\" \/>\n<meta property=\"og:locale\" content=\"fr_FR\" \/>\n<meta property=\"og:type\" content=\"article\" \/>\n<meta property=\"og:title\" content=\"Nos permanences - WAW\" \/>\n<meta property=\"og:description\" content=\"[et_pb_section fb_built=\u00a0\u00bb1&Prime; _builder_version=\u00a0\u00bb3.22&Prime;][et_pb_row _builder_version=\u00a0\u00bb3.25&Prime;][et_pb_column type=\u00a0\u00bb4_4&Prime; _builder_version=\u00a0\u00bb3.25&Prime; custom_padding=\u00a0\u00bb|||\u00a0\u00bb custom_padding__hover=\u00a0\u00bb|||\u00a0\u00bb][et_pb_team_member name=\u00a0\u00bbFabienne Arnaud\u00a0\u00bb position=\u00a0\u00bbExpert Comptable\u00a0\u00bb image_url=\u00a0\u00bbhttps:\/\/www.waw-coworking.com\/wp-content\/uploads\/2019\/04\/waw-coworking-coworkers-FAB-narbonne.jpeg_5.jpg\u00a0\u00bb _builder_version=\u00a0\u00bb3.19.5&Prime; custom_margin=\u00a0\u00bb20px||20px|\u00a0\u00bb custom_padding=\u00a0\u00bb20px||20px|\u00a0\u00bb border_style=\u00a0\u00bbsolid\u00a0\u00bb] Permanence Expert Comptable Gratuite\u00a0 Que vous soyez chef d\u2019entreprises, cr\u00e9ateur ou d\u00e9j\u00e0 install\u00e9, association et particulier qui h\u00e9site \u00e0 franchir le pas de se faire accompagner par un professionnel, oubliez les id\u00e9es re\u00e7ues sur les experts-comptables ! Au [&hellip;]\" \/>\n<meta property=\"og:url\" content=\"https:\/\/new.waw-coworking.com\/index.php\/nos-partenaires\/\" \/>\n<meta property=\"og:site_name\" content=\"WAW\" \/>\n<meta name=\"twitter:card\" content=\"summary_large_image\" \/>\n<meta name=\"twitter:label1\" content=\"Dur\u00e9e de lecture estim\u00e9e\" \/>\n\t<meta name=\"twitter:data1\" content=\"2 minutes\" \/>\n<script type=\"application\/ld+json\" class=\"yoast-schema-graph\">{\"@context\":\"https:\/\/schema.org\",\"@graph\":[{\"@type\":\"WebPage\",\"@id\":\"https:\/\/new.waw-coworking.com\/index.php\/nos-partenaires\/\",\"url\":\"https:\/\/new.waw-coworking.com\/index.php\/nos-partenaires\/\",\"name\":\"Nos permanences - WAW\",\"isPartOf\":{\"@id\":\"https:\/\/new.waw-coworking.com\/#website\"},\"datePublished\":\"2018-02-19T19:02:45+00:00\",\"dateModified\":\"2018-02-19T19:02:45+00:00\",\"breadcrumb\":{\"@id\":\"https:\/\/new.waw-coworking.com\/index.php\/nos-partenaires\/#breadcrumb\"},\"inLanguage\":\"fr-FR\",\"potentialAction\":[{\"@type\":\"ReadAction\",\"target\":[\"https:\/\/new.waw-coworking.com\/index.php\/nos-partenaires\/\"]}]},{\"@type\":\"BreadcrumbList\",\"@id\":\"https:\/\/new.waw-coworking.com\/index.php\/nos-partenaires\/#breadcrumb\",\"itemListElement\":[{\"@type\":\"ListItem\",\"position\":1,\"name\":\"Acceuil\",\"item\":\"https:\/\/new.waw-coworking.com\/\"},{\"@type\":\"ListItem\",\"position\":2,\"name\":\"Nos permanences\"}]},{\"@type\":\"WebSite\",\"@id\":\"https:\/\/new.waw-coworking.com\/#website\",\"url\":\"https:\/\/new.waw-coworking.com\/\",\"name\":\"WAW\",\"description\":\"\",\"potentialAction\":[{\"@type\":\"SearchAction\",\"target\":{\"@type\":\"EntryPoint\",\"urlTemplate\":\"https:\/\/new.waw-coworking.com\/?s={search_term_string}\"},\"query-input\":\"required name=search_term_string\"}],\"inLanguage\":\"fr-FR\"}]}<\/script>\n<!-- \/ Yoast SEO plugin. -->","yoast_head_json":{"title":"Nos permanences - WAW","robots":{"index":"index","follow":"follow","max-snippet":"max-snippet:-1","max-image-preview":"max-image-preview:large","max-video-preview":"max-video-preview:-1"},"canonical":"https:\/\/new.waw-coworking.com\/index.php\/nos-partenaires\/","og_locale":"fr_FR","og_type":"article","og_title":"Nos permanences - WAW","og_description":"[et_pb_section fb_built=\u00a0\u00bb1&Prime; _builder_version=\u00a0\u00bb3.22&Prime;][et_pb_row _builder_version=\u00a0\u00bb3.25&Prime;][et_pb_column type=\u00a0\u00bb4_4&Prime; _builder_version=\u00a0\u00bb3.25&Prime; custom_padding=\u00a0\u00bb|||\u00a0\u00bb custom_padding__hover=\u00a0\u00bb|||\u00a0\u00bb][et_pb_team_member name=\u00a0\u00bbFabienne Arnaud\u00a0\u00bb position=\u00a0\u00bbExpert Comptable\u00a0\u00bb image_url=\u00a0\u00bbhttps:\/\/www.waw-coworking.com\/wp-content\/uploads\/2019\/04\/waw-coworking-coworkers-FAB-narbonne.jpeg_5.jpg\u00a0\u00bb _builder_version=\u00a0\u00bb3.19.5&Prime; custom_margin=\u00a0\u00bb20px||20px|\u00a0\u00bb custom_padding=\u00a0\u00bb20px||20px|\u00a0\u00bb border_style=\u00a0\u00bbsolid\u00a0\u00bb] Permanence Expert Comptable Gratuite\u00a0 Que vous soyez chef d\u2019entreprises, cr\u00e9ateur ou d\u00e9j\u00e0 install\u00e9, association et particulier qui h\u00e9site \u00e0 franchir le pas de se faire accompagner par un professionnel, oubliez les id\u00e9es re\u00e7ues sur les experts-comptables ! Au [&hellip;]","og_url":"https:\/\/new.waw-coworking.com\/index.php\/nos-partenaires\/","og_site_name":"WAW","twitter_card":"summary_large_image","twitter_misc":{"Dur\u00e9e de lecture estim\u00e9e":"2 minutes"},"schema":{"@context":"https:\/\/schema.org","@graph":[{"@type":"WebPage","@id":"https:\/\/new.waw-coworking.com\/index.php\/nos-partenaires\/","url":"https:\/\/new.waw-coworking.com\/index.php\/nos-partenaires\/","name":"Nos permanences - WAW","isPartOf":{"@id":"https:\/\/new.waw-coworking.com\/#website"},"datePublished":"2018-02-19T19:02:45+00:00","dateModified":"2018-02-19T19:02:45+00:00","breadcrumb":{"@id":"https:\/\/new.waw-coworking.com\/index.php\/nos-partenaires\/#breadcrumb"},"inLanguage":"fr-FR","potentialAction":[{"@type":"ReadAction","target":["https:\/\/new.waw-coworking.com\/index.php\/nos-partenaires\/"]}]},{"@type":"BreadcrumbList","@id":"https:\/\/new.waw-coworking.com\/index.php\/nos-partenaires\/#breadcrumb","itemListElement":[{"@type":"ListItem","position":1,"name":"Acceuil","item":"https:\/\/new.waw-coworking.com\/"},{"@type":"ListItem","position":2,"name":"Nos permanences"}]},{"@type":"WebSite","@id":"https:\/\/new.waw-coworking.com\/#website","url":"https:\/\/new.waw-coworking.com\/","name":"WAW","description":"","potentialAction":[{"@type":"SearchAction","target":{"@type":"EntryPoint","urlTemplate":"https:\/\/new.waw-coworking.com\/?s={search_term_string}"},"query-input":"required name=search_term_string"}],"inLanguage":"fr-FR"}]}},"_links":{"self":[{"href":"https:\/\/new.waw-coworking.com\/index.php\/wp-json\/wp\/v2\/pages\/2385","targetHints":{"allow":["GET"]}}],"collection":[{"href":"https:\/\/new.waw-coworking.com\/index.php\/wp-json\/wp\/v2\/pages"}],"about":[{"href":"https:\/\/new.waw-coworking.com\/index.php\/wp-json\/wp\/v2\/types\/page"}],"author":[{"embeddable":true,"href":"https:\/\/new.waw-coworking.com\/index.php\/wp-json\/wp\/v2\/users\/1"}],"replies":[{"embeddable":true,"href":"https:\/\/new.waw-coworking.com\/index.php\/wp-json\/wp\/v2\/comments?post=2385"}],"version-history":[{"count":0,"href":"https:\/\/new.waw-coworking.com\/index.php\/wp-json\/wp\/v2\/pages\/2385\/revisions"}],"wp:attachment":[{"href":"https:\/\/new.waw-coworking.com\/index.php\/wp-json\/wp\/v2\/media?parent=2385"}],"curies":[{"name":"wp","href":"https:\/\/api.w.org\/{rel}","templated":true}]}}