{"id":1043,"date":"2017-03-07T13:16:43","date_gmt":"2017-03-07T12:16:43","guid":{"rendered":"http:\/\/wawcoworcm.cluster011.ovh.net\/?page_id=1043"},"modified":"2017-03-07T13:16:43","modified_gmt":"2017-03-07T12:16:43","slug":"les-ateliers","status":"publish","type":"page","link":"https:\/\/new.waw-coworking.com\/index.php\/evenements-narbonne\/les-ateliers\/","title":{"rendered":"les ateliers"},"content":{"rendered":"\n\n[et_pb_section fb_built=\u00a0\u00bb1&Prime; fullwidth=\u00a0\u00bbon\u00a0\u00bb _builder_version=\u00a0\u00bb3.0.47&Prime;][et_pb_fullwidth_image src=\u00a0\u00bbhttp:\/\/www.waw-coworking.com\/wp-content\/uploads\/2019\/04\/waw-coworking-conf\u00e9rencehypnose-narbonne.jpeg.jpg\u00a0\u00bb _builder_version=\u00a0\u00bb3.19.5&Prime; animation_style=\u00a0\u00bbslide\u00a0\u00bb animation_direction=\u00a0\u00bbleft\u00a0\u00bb animation_duration=\u00a0\u00bb500ms\u00a0\u00bb animation_intensity_slide=\u00a0\u00bb10%\u00a0\u00bb][\/et_pb_fullwidth_image][\/et_pb_section][et_pb_section fb_built=\u00a0\u00bb1&Prime; admin_label=\u00a0\u00bbsection\u00a0\u00bb _builder_version=\u00a0\u00bb3.0.47&Prime;][et_pb_row custom_padding=\u00a0\u00bb4px|0px|0|0px|false|false\u00a0\u00bb admin_label=\u00a0\u00bbrow\u00a0\u00bb _builder_version=\u00a0\u00bb3.0.47&Prime; background_size=\u00a0\u00bbinitial\u00a0\u00bb background_position=\u00a0\u00bbtop_left\u00a0\u00bb background_repeat=\u00a0\u00bbrepeat\u00a0\u00bb][et_pb_column type=\u00a0\u00bb1_2&Prime; _builder_version=\u00a0\u00bb3.0.47&Prime; parallax=\u00a0\u00bboff\u00a0\u00bb parallax_method=\u00a0\u00bbon\u00a0\u00bb][et_pb_text _builder_version=\u00a0\u00bb3.0.74&Prime; text_font=\u00a0\u00bbLato Light||||\u00a0\u00bb text_font_size=\u00a0\u00bb18px\u00a0\u00bb header_font=\u00a0\u00bbRoboto Condensed||||\u00a0\u00bb header_letter_spacing=\u00a0\u00bb6px\u00a0\u00bb background_size=\u00a0\u00bbinitial\u00a0\u00bb background_position=\u00a0\u00bbtop_left\u00a0\u00bb background_repeat=\u00a0\u00bbrepeat\u00a0\u00bb text_orientation=\u00a0\u00bbcenter\u00a0\u00bb module_alignment=\u00a0\u00bbcenter\u00a0\u00bb custom_margin=\u00a0\u00bb|10px||10px\u00a0\u00bb custom_padding=\u00a0\u00bb|10px||10px\u00a0\u00bb]<h1>Vous souhaitez<\/h1>\n<h1>proposer une atelier ?<\/h1>\n[\/et_pb_text][et_pb_text _builder_version=\u00a0\u00bb3.0.74&Prime; text_font=\u00a0\u00bbLato Light||||\u00a0\u00bb background_size=\u00a0\u00bbinitial\u00a0\u00bb background_position=\u00a0\u00bbtop_left\u00a0\u00bb background_repeat=\u00a0\u00bbrepeat\u00a0\u00bb custom_margin=\u00a0\u00bb|10px||10px\u00a0\u00bb custom_padding=\u00a0\u00bb|10px||10px\u00a0\u00bb]<p>Vous souhaitez proposer un atelier : communication, r\u00e9f\u00e9rencement, hypnose,&#8230; \u00a0vous avez 2 possibilit\u00e9s :<br \/> . Vous \u00eates seul organisateur \u00a0de votre \u00e9v\u00e8nement.\u00a0<br \/> . Nous sommes partenaires, nous co-organisons l&rsquo;\u00e9v\u00e8nement ensemble<\/p>[\/et_pb_text][\/et_pb_column][et_pb_column type=\u00a0\u00bb1_2&Prime; _builder_version=\u00a0\u00bb3.0.47&Prime; parallax=\u00a0\u00bboff\u00a0\u00bb parallax_method=\u00a0\u00bbon\u00a0\u00bb][et_pb_text _builder_version=\u00a0\u00bb3.0.74&Prime; text_font=\u00a0\u00bbLato Light||||\u00a0\u00bb header_font=\u00a0\u00bbRoboto Condensed||||\u00a0\u00bb header_letter_spacing=\u00a0\u00bb6px\u00a0\u00bb custom_margin=\u00a0\u00bb|10px||10px\u00a0\u00bb custom_padding=\u00a0\u00bb|10px||10px\u00a0\u00bb]<h1 style=\"text-align: center;\"><span style=\"color: #eb5d2b; font-family: 'Roboto Condensed', Helvetica, Arial, Lucida, sans-serif; font-size: 24px; letter-spacing: 6px; text-transform: uppercase;\">Vous souhAItez <\/span><\/h1>\n<h1 style=\"text-align: center;\"><span style=\"color: #eb5d2b; font-family: 'Roboto Condensed', Helvetica, Arial, Lucida, sans-serif; font-size: 24px; letter-spacing: 6px; text-transform: uppercase;\">participer\u00a0<\/span><span style=\"font-size: 24px;\">\u00e0 un atelier ?<\/span><\/h1>\n<p><span style=\"font-size: 16px;\"><\/span><\/p>\n<p><span style=\"font-size: 16px;\"><\/span><\/p>\n<p><span style=\"font-size: 16px;\">Afin de b\u00e9n\u00e9ficier de conditions de travail id\u00e9ales, la r\u00e9servation est fortement recommand\u00e9e.\u00a0<\/span><span style=\"font-size: 16px;\">Pour avoir le programme de nos ateliers vous pouvez consulter notre page facebook, vous abonner \u00e0 notre newsletter ou consulter notre blog.<\/span><\/p>\n<p>&nbsp;<\/p>\n<p>&nbsp;<\/p>[\/et_pb_text][\/et_pb_column][\/et_pb_row][et_pb_row custom_padding=\u00a0\u00bb25px|0px|26px|45px|false|false\u00a0\u00bb _builder_version=\u00a0\u00bb3.19.5&Prime; background_color=\u00a0\u00bb#000000&Prime;][et_pb_column type=\u00a0\u00bb1_5&Prime; _builder_version=\u00a0\u00bb3.19.5&Prime; parallax=\u00a0\u00bboff\u00a0\u00bb parallax_method=\u00a0\u00bbon\u00a0\u00bb][et_pb_image src=\u00a0\u00bbhttp:\/\/www.waw-coworking.com\/wp-content\/uploads\/2019\/04\/affiche-Bien-Etre-4.jpg\u00a0\u00bb _builder_version=\u00a0\u00bb3.19.5&Prime;][\/et_pb_image][\/et_pb_column][et_pb_column type=\u00a0\u00bb1_5&Prime; _builder_version=\u00a0\u00bb3.19.5&Prime; parallax=\u00a0\u00bboff\u00a0\u00bb parallax_method=\u00a0\u00bbon\u00a0\u00bb][et_pb_image src=\u00a0\u00bbhttp:\/\/www.waw-coworking.com\/wp-content\/uploads\/2019\/04\/affiche-Sophrologie-2.jpg\u00a0\u00bb _builder_version=\u00a0\u00bb3.19.5&Prime;][\/et_pb_image][\/et_pb_column][et_pb_column type=\u00a0\u00bb1_5&Prime; _builder_version=\u00a0\u00bb3.19.5&Prime; parallax=\u00a0\u00bboff\u00a0\u00bb parallax_method=\u00a0\u00bbon\u00a0\u00bb][et_pb_image src=\u00a0\u00bbhttp:\/\/www.waw-coworking.com\/wp-content\/uploads\/2019\/04\/Affiche-Universites-Nomades.jpg\u00a0\u00bb _builder_version=\u00a0\u00bb3.19.5&Prime;][\/et_pb_image][\/et_pb_column][et_pb_column type=\u00a0\u00bb1_5&Prime; _builder_version=\u00a0\u00bb3.19.5&Prime; parallax=\u00a0\u00bboff\u00a0\u00bb parallax_method=\u00a0\u00bbon\u00a0\u00bb][et_pb_image src=\u00a0\u00bbhttp:\/\/www.waw-coworking.com\/wp-content\/uploads\/2019\/04\/affiche-Alex.jpg\u00a0\u00bb _builder_version=\u00a0\u00bb3.19.5&Prime;][\/et_pb_image][\/et_pb_column][et_pb_column type=\u00a0\u00bb1_5&Prime; _builder_version=\u00a0\u00bb3.19.5&Prime; parallax=\u00a0\u00bboff\u00a0\u00bb parallax_method=\u00a0\u00bbon\u00a0\u00bb][et_pb_image src=\u00a0\u00bbhttp:\/\/www.waw-coworking.com\/wp-content\/uploads\/2019\/04\/affiche-theatre-.jpg\u00a0\u00bb _builder_version=\u00a0\u00bb3.19.5&Prime;][\/et_pb_image][\/et_pb_column][\/et_pb_row][et_pb_row custom_padding=\u00a0\u00bb61px|0px|27px|0px|false|false\u00a0\u00bb _builder_version=\u00a0\u00bb3.19.5&Prime;][et_pb_column type=\u00a0\u00bb4_4&Prime; _builder_version=\u00a0\u00bb3.19.5&Prime; parallax=\u00a0\u00bboff\u00a0\u00bb parallax_method=\u00a0\u00bbon\u00a0\u00bb][et_pb_gallery gallery_ids=\u00a0\u00bb2988,2989,2990,2992&Prime; show_title_and_caption=\u00a0\u00bboff\u00a0\u00bb _builder_version=\u00a0\u00bb3.19.5&Prime;][\/et_pb_gallery][et_pb_gallery gallery_ids=\u00a0\u00bb2984,2986,2987,2290&Prime; show_title_and_caption=\u00a0\u00bboff\u00a0\u00bb _builder_version=\u00a0\u00bb3.19.5&Prime;][\/et_pb_gallery][\/et_pb_column][\/et_pb_row][et_pb_row _builder_version=\u00a0\u00bb3.0.67&Prime;][et_pb_column type=\u00a0\u00bb4_4&Prime; _builder_version=\u00a0\u00bb3.0.47&Prime; parallax=\u00a0\u00bboff\u00a0\u00bb parallax_method=\u00a0\u00bbon\u00a0\u00bb][et_pb_button button_url=\u00a0\u00bbhttp:\/\/www.waw-coworking.com\/contact\/\u00a0\u00bb button_text=\u00a0\u00bbContactez-nous\u00a0\u00bb button_alignment=\u00a0\u00bbcenter\u00a0\u00bb _builder_version=\u00a0\u00bb3.16&Prime; button_text_size__hover_enabled=\u00a0\u00bboff\u00a0\u00bb button_one_text_size__hover_enabled=\u00a0\u00bboff\u00a0\u00bb button_two_text_size__hover_enabled=\u00a0\u00bboff\u00a0\u00bb button_text_color__hover_enabled=\u00a0\u00bboff\u00a0\u00bb button_one_text_color__hover_enabled=\u00a0\u00bboff\u00a0\u00bb button_two_text_color__hover_enabled=\u00a0\u00bboff\u00a0\u00bb button_border_width__hover_enabled=\u00a0\u00bboff\u00a0\u00bb button_one_border_width__hover_enabled=\u00a0\u00bboff\u00a0\u00bb button_two_border_width__hover_enabled=\u00a0\u00bboff\u00a0\u00bb button_border_color__hover_enabled=\u00a0\u00bboff\u00a0\u00bb button_one_border_color__hover_enabled=\u00a0\u00bboff\u00a0\u00bb button_two_border_color__hover_enabled=\u00a0\u00bboff\u00a0\u00bb button_border_radius__hover_enabled=\u00a0\u00bboff\u00a0\u00bb button_one_border_radius__hover_enabled=\u00a0\u00bboff\u00a0\u00bb button_two_border_radius__hover_enabled=\u00a0\u00bboff\u00a0\u00bb button_letter_spacing__hover_enabled=\u00a0\u00bboff\u00a0\u00bb button_one_letter_spacing__hover_enabled=\u00a0\u00bboff\u00a0\u00bb button_two_letter_spacing__hover_enabled=\u00a0\u00bboff\u00a0\u00bb button_bg_color__hover_enabled=\u00a0\u00bboff\u00a0\u00bb button_one_bg_color__hover_enabled=\u00a0\u00bboff\u00a0\u00bb button_two_bg_color__hover_enabled=\u00a0\u00bboff\u00a0\u00bb][\/et_pb_button][\/et_pb_column][\/et_pb_row][\/et_pb_section]\n\n","protected":false},"excerpt":{"rendered":"","protected":false},"author":1,"featured_media":2992,"parent":1035,"menu_order":0,"comment_status":"closed","ping_status":"closed","template":"","meta":{"_et_pb_use_builder":"on","_et_pb_old_content":"<p>TEXTE<\/p>","_et_gb_content_width":"","footnotes":""},"class_list":["post-1043","page","type-page","status-publish","has-post-thumbnail","hentry"],"yoast_head":"<!-- This site is optimized with the Yoast SEO plugin v20.10 - https:\/\/yoast.com\/wordpress\/plugins\/seo\/ -->\n<title>Nos ateliers autour du monde du travail: r\u00e9f\u00e9rencement, communication<\/title>\n<meta name=\"description\" content=\"Enrichissez-vous en participant \u00e0 nos ateliers professionnels: am\u00e9liorez et elargissez vos domaines de comp\u00e9tences au sein de l&#039;entreprise\" \/>\n<meta name=\"robots\" content=\"index, follow, max-snippet:-1, max-image-preview:large, max-video-preview:-1\" \/>\n<link rel=\"canonical\" href=\"https:\/\/new.waw-coworking.com\/index.php\/evenements-narbonne\/les-ateliers\/\" \/>\n<meta property=\"og:locale\" content=\"fr_FR\" \/>\n<meta property=\"og:type\" content=\"article\" \/>\n<meta property=\"og:title\" content=\"Nos ateliers autour du monde du travail: r\u00e9f\u00e9rencement, communication\" \/>\n<meta property=\"og:description\" content=\"Enrichissez-vous en participant \u00e0 nos ateliers professionnels: am\u00e9liorez et elargissez vos domaines de comp\u00e9tences au sein de l&#039;entreprise\" \/>\n<meta property=\"og:url\" content=\"https:\/\/new.waw-coworking.com\/index.php\/evenements-narbonne\/les-ateliers\/\" \/>\n<meta property=\"og:site_name\" content=\"WAW\" \/>\n<meta name=\"twitter:card\" content=\"summary_large_image\" \/>\n<meta name=\"twitter:label1\" content=\"Dur\u00e9e de lecture estim\u00e9e\" \/>\n\t<meta name=\"twitter:data1\" content=\"4 minutes\" \/>\n<script type=\"application\/ld+json\" class=\"yoast-schema-graph\">{\"@context\":\"https:\/\/schema.org\",\"@graph\":[{\"@type\":\"WebPage\",\"@id\":\"https:\/\/new.waw-coworking.com\/index.php\/evenements-narbonne\/les-ateliers\/\",\"url\":\"https:\/\/new.waw-coworking.com\/index.php\/evenements-narbonne\/les-ateliers\/\",\"name\":\"Nos ateliers autour du monde du travail: r\u00e9f\u00e9rencement, communication\",\"isPartOf\":{\"@id\":\"https:\/\/new.waw-coworking.com\/#website\"},\"datePublished\":\"2017-03-07T12:16:43+00:00\",\"dateModified\":\"2017-03-07T12:16:43+00:00\",\"description\":\"Enrichissez-vous en participant \u00e0 nos ateliers professionnels: am\u00e9liorez et elargissez vos domaines de comp\u00e9tences au sein de l'entreprise\",\"breadcrumb\":{\"@id\":\"https:\/\/new.waw-coworking.com\/index.php\/evenements-narbonne\/les-ateliers\/#breadcrumb\"},\"inLanguage\":\"fr-FR\",\"potentialAction\":[{\"@type\":\"ReadAction\",\"target\":[\"https:\/\/new.waw-coworking.com\/index.php\/evenements-narbonne\/les-ateliers\/\"]}]},{\"@type\":\"BreadcrumbList\",\"@id\":\"https:\/\/new.waw-coworking.com\/index.php\/evenements-narbonne\/les-ateliers\/#breadcrumb\",\"itemListElement\":[{\"@type\":\"ListItem\",\"position\":1,\"name\":\"Acceuil\",\"item\":\"https:\/\/new.waw-coworking.com\/\"},{\"@type\":\"ListItem\",\"position\":2,\"name\":\"ACTIVITES\",\"item\":\"https:\/\/new.waw-coworking.com\/index.php\/evenements-narbonne\/\"},{\"@type\":\"ListItem\",\"position\":3,\"name\":\"les ateliers\"}]},{\"@type\":\"WebSite\",\"@id\":\"https:\/\/new.waw-coworking.com\/#website\",\"url\":\"https:\/\/new.waw-coworking.com\/\",\"name\":\"WAW\",\"description\":\"\",\"potentialAction\":[{\"@type\":\"SearchAction\",\"target\":{\"@type\":\"EntryPoint\",\"urlTemplate\":\"https:\/\/new.waw-coworking.com\/?s={search_term_string}\"},\"query-input\":\"required name=search_term_string\"}],\"inLanguage\":\"fr-FR\"}]}<\/script>\n<!-- \/ Yoast SEO plugin. -->","yoast_head_json":{"title":"Nos ateliers autour du monde du travail: r\u00e9f\u00e9rencement, communication","description":"Enrichissez-vous en participant \u00e0 nos ateliers professionnels: am\u00e9liorez et elargissez vos domaines de comp\u00e9tences au sein de l'entreprise","robots":{"index":"index","follow":"follow","max-snippet":"max-snippet:-1","max-image-preview":"max-image-preview:large","max-video-preview":"max-video-preview:-1"},"canonical":"https:\/\/new.waw-coworking.com\/index.php\/evenements-narbonne\/les-ateliers\/","og_locale":"fr_FR","og_type":"article","og_title":"Nos ateliers autour du monde du travail: r\u00e9f\u00e9rencement, communication","og_description":"Enrichissez-vous en participant \u00e0 nos ateliers professionnels: am\u00e9liorez et elargissez vos domaines de comp\u00e9tences au sein de l'entreprise","og_url":"https:\/\/new.waw-coworking.com\/index.php\/evenements-narbonne\/les-ateliers\/","og_site_name":"WAW","twitter_card":"summary_large_image","twitter_misc":{"Dur\u00e9e de lecture estim\u00e9e":"4 minutes"},"schema":{"@context":"https:\/\/schema.org","@graph":[{"@type":"WebPage","@id":"https:\/\/new.waw-coworking.com\/index.php\/evenements-narbonne\/les-ateliers\/","url":"https:\/\/new.waw-coworking.com\/index.php\/evenements-narbonne\/les-ateliers\/","name":"Nos ateliers autour du monde du travail: r\u00e9f\u00e9rencement, communication","isPartOf":{"@id":"https:\/\/new.waw-coworking.com\/#website"},"datePublished":"2017-03-07T12:16:43+00:00","dateModified":"2017-03-07T12:16:43+00:00","description":"Enrichissez-vous en participant \u00e0 nos ateliers professionnels: am\u00e9liorez et elargissez vos domaines de comp\u00e9tences au sein de l'entreprise","breadcrumb":{"@id":"https:\/\/new.waw-coworking.com\/index.php\/evenements-narbonne\/les-ateliers\/#breadcrumb"},"inLanguage":"fr-FR","potentialAction":[{"@type":"ReadAction","target":["https:\/\/new.waw-coworking.com\/index.php\/evenements-narbonne\/les-ateliers\/"]}]},{"@type":"BreadcrumbList","@id":"https:\/\/new.waw-coworking.com\/index.php\/evenements-narbonne\/les-ateliers\/#breadcrumb","itemListElement":[{"@type":"ListItem","position":1,"name":"Acceuil","item":"https:\/\/new.waw-coworking.com\/"},{"@type":"ListItem","position":2,"name":"ACTIVITES","item":"https:\/\/new.waw-coworking.com\/index.php\/evenements-narbonne\/"},{"@type":"ListItem","position":3,"name":"les ateliers"}]},{"@type":"WebSite","@id":"https:\/\/new.waw-coworking.com\/#website","url":"https:\/\/new.waw-coworking.com\/","name":"WAW","description":"","potentialAction":[{"@type":"SearchAction","target":{"@type":"EntryPoint","urlTemplate":"https:\/\/new.waw-coworking.com\/?s={search_term_string}"},"query-input":"required name=search_term_string"}],"inLanguage":"fr-FR"}]}},"_links":{"self":[{"href":"https:\/\/new.waw-coworking.com\/index.php\/wp-json\/wp\/v2\/pages\/1043","targetHints":{"allow":["GET"]}}],"collection":[{"href":"https:\/\/new.waw-coworking.com\/index.php\/wp-json\/wp\/v2\/pages"}],"about":[{"href":"https:\/\/new.waw-coworking.com\/index.php\/wp-json\/wp\/v2\/types\/page"}],"author":[{"embeddable":true,"href":"https:\/\/new.waw-coworking.com\/index.php\/wp-json\/wp\/v2\/users\/1"}],"replies":[{"embeddable":true,"href":"https:\/\/new.waw-coworking.com\/index.php\/wp-json\/wp\/v2\/comments?post=1043"}],"version-history":[{"count":0,"href":"https:\/\/new.waw-coworking.com\/index.php\/wp-json\/wp\/v2\/pages\/1043\/revisions"}],"up":[{"embeddable":true,"href":"https:\/\/new.waw-coworking.com\/index.php\/wp-json\/wp\/v2\/pages\/1035"}],"wp:featuredmedia":[{"embeddable":true,"href":"https:\/\/new.waw-coworking.com\/index.php\/wp-json\/"}],"wp:attachment":[{"href":"https:\/\/new.waw-coworking.com\/index.php\/wp-json\/wp\/v2\/media?parent=1043"}],"curies":[{"name":"wp","href":"https:\/\/api.w.org\/{rel}","templated":true}]}}