{"id":1035,"date":"2017-03-07T13:14:52","date_gmt":"2017-03-07T12:14:52","guid":{"rendered":"http:\/\/wawcoworcm.cluster011.ovh.net\/?page_id=1035"},"modified":"2017-03-07T13:14:52","modified_gmt":"2017-03-07T12:14:52","slug":"evenements-narbonne","status":"publish","type":"page","link":"https:\/\/new.waw-coworking.com\/index.php\/evenements-narbonne\/","title":{"rendered":"ACTIVITES"},"content":{"rendered":"<p>[et_pb_section fb_built=\u00a0\u00bb1&Prime; fullwidth=\u00a0\u00bbon\u00a0\u00bb _builder_version=\u00a0\u00bb3.0.47&Prime;][et_pb_fullwidth_image src=\u00a0\u00bbhttps:\/\/www.waw-coworking.com\/wp-content\/uploads\/2018\/04\/waw-coworking-bien-\u00eatre-33.jpg\u00a0\u00bb _builder_version=\u00a0\u00bb3.0.72&Prime; animation_style=\u00a0\u00bbslide\u00a0\u00bb animation_direction=\u00a0\u00bbleft\u00a0\u00bb animation_duration=\u00a0\u00bb500ms\u00a0\u00bb animation_intensity_slide=\u00a0\u00bb10%\u00a0\u00bb][\/et_pb_fullwidth_image][\/et_pb_section][et_pb_section fb_built=\u00a0\u00bb1&Prime; admin_label=\u00a0\u00bbsection\u00a0\u00bb _builder_version=\u00a0\u00bb3.0.47&Prime; custom_padding=\u00a0\u00bb41px|0px|29px|0px\u00a0\u00bb][et_pb_row custom_padding=\u00a0\u00bb0px|0px|0px|0px\u00a0\u00bb admin_label=\u00a0\u00bbrow\u00a0\u00bb _builder_version=\u00a0\u00bb3.0.47&Prime; background_size=\u00a0\u00bbinitial\u00a0\u00bb background_position=\u00a0\u00bbtop_left\u00a0\u00bb background_repeat=\u00a0\u00bbrepeat\u00a0\u00bb][et_pb_column type=\u00a0\u00bb4_4&Prime; _builder_version=\u00a0\u00bb3.0.47&Prime; parallax=\u00a0\u00bboff\u00a0\u00bb parallax_method=\u00a0\u00bbon\u00a0\u00bb][et_pb_text _builder_version=\u00a0\u00bb3.0.74&Prime; text_font=\u00a0\u00bbLato Light||||\u00a0\u00bb text_font_size=\u00a0\u00bb18px\u00a0\u00bb header_font=\u00a0\u00bbRoboto Condensed||||\u00a0\u00bb header_font_size=\u00a0\u00bb36px\u00a0\u00bb header_letter_spacing=\u00a0\u00bb5px\u00a0\u00bb background_size=\u00a0\u00bbinitial\u00a0\u00bb background_position=\u00a0\u00bbtop_left\u00a0\u00bb background_repeat=\u00a0\u00bbrepeat\u00a0\u00bb text_orientation=\u00a0\u00bbcenter\u00a0\u00bb module_alignment=\u00a0\u00bbcenter\u00a0\u00bb]<\/p>\n<h1><span>Galerie d&rsquo;art, yoga, permanences \u00e0 narbonne\u2026<\/span><\/h1>\n<h1><span style=\"font-size: xx-large;\">De nombreuses ACTIVIT\u00e9S pour vous enrichir<\/span><\/h1>\n<p style=\"text-align: center;\">\n<p><span style=\"font-size: large;\"><\/span><\/p>\n<p><span style=\"font-size: large;\"><\/span><\/p>\n<p><span style=\"font-size: large;\">Se former, r\u00e9seauter, rencontrer d&rsquo;autres ind\u00e9pendants,\u00a0avancer dans la cr\u00e9ation de son entreprise,\u00a0<br \/>c&rsquo;est tout l&rsquo;inter\u00eat de travailler dans un espace de coworking<\/span><\/p>\n<p><span style=\"font-size: large;\">WAW vous propose tous les mois des Ateliers-Conf\u00e9rences, des\u00a0Permanences gratuites Juridiques, <br \/>Expert Comptables, <\/span><span style=\"font-size: large;\">Num\u00e9riques<\/span>,\u00a0<span style=\"font-size: large;\">des Wine After Work , des Vernissages&#8230;<br \/><\/span><\/p>\n<p><span style=\"font-size: large;\">Et parce que nous pensons que le \u00ab\u00a0bonheur au travail\u00a0\u00bb permet d&rsquo;\u00eatre plus productif,\u00a0nous proposons aussi <br \/>des ateliers de Gestion du Stress, du Yoga, de la Sophrologie et nous comptons sur vous pour initier de nouvelles activit\u00e9s.<\/span><\/p>\n<p>&nbsp;<\/p>\n<p>[\/et_pb_text][\/et_pb_column][\/et_pb_row][\/et_pb_section][et_pb_section fb_built=\u00a0\u00bb1&Prime; fullwidth=\u00a0\u00bbon\u00a0\u00bb _builder_version=\u00a0\u00bb3.0.47&Prime;][et_pb_fullwidth_code admin_label=\u00a0\u00bbGrille images activit\u00e9s\u00a0\u00bb][ess_grid alias=\u00a0\u00bbwaw-accueil-2&Prime;][\/et_pb_fullwidth_code][\/et_pb_section][et_pb_section fb_built=\u00a0\u00bb1&Prime; _builder_version=\u00a0\u00bb3.0.47&Prime;][\/et_pb_section]<\/p>\n","protected":false},"excerpt":{"rendered":"<p>[et_pb_section fb_built=\u00a0\u00bb1&Prime; fullwidth=\u00a0\u00bbon\u00a0\u00bb _builder_version=\u00a0\u00bb3.0.47&Prime;][et_pb_fullwidth_image src=\u00a0\u00bbhttps:\/\/www.waw-coworking.com\/wp-content\/uploads\/2018\/04\/waw-coworking-bien-\u00eatre-33.jpg\u00a0\u00bb _builder_version=\u00a0\u00bb3.0.72&Prime; animation_style=\u00a0\u00bbslide\u00a0\u00bb animation_direction=\u00a0\u00bbleft\u00a0\u00bb animation_duration=\u00a0\u00bb500ms\u00a0\u00bb animation_intensity_slide=\u00a0\u00bb10%\u00a0\u00bb][\/et_pb_fullwidth_image][\/et_pb_section][et_pb_section fb_built=\u00a0\u00bb1&Prime; admin_label=\u00a0\u00bbsection\u00a0\u00bb _builder_version=\u00a0\u00bb3.0.47&Prime; custom_padding=\u00a0\u00bb41px|0px|29px|0px\u00a0\u00bb][et_pb_row custom_padding=\u00a0\u00bb0px|0px|0px|0px\u00a0\u00bb admin_label=\u00a0\u00bbrow\u00a0\u00bb _builder_version=\u00a0\u00bb3.0.47&Prime; background_size=\u00a0\u00bbinitial\u00a0\u00bb background_position=\u00a0\u00bbtop_left\u00a0\u00bb background_repeat=\u00a0\u00bbrepeat\u00a0\u00bb][et_pb_column type=\u00a0\u00bb4_4&Prime; _builder_version=\u00a0\u00bb3.0.47&Prime; parallax=\u00a0\u00bboff\u00a0\u00bb parallax_method=\u00a0\u00bbon\u00a0\u00bb][et_pb_text _builder_version=\u00a0\u00bb3.0.74&Prime; text_font=\u00a0\u00bbLato Light||||\u00a0\u00bb text_font_size=\u00a0\u00bb18px\u00a0\u00bb header_font=\u00a0\u00bbRoboto Condensed||||\u00a0\u00bb header_font_size=\u00a0\u00bb36px\u00a0\u00bb header_letter_spacing=\u00a0\u00bb5px\u00a0\u00bb background_size=\u00a0\u00bbinitial\u00a0\u00bb background_position=\u00a0\u00bbtop_left\u00a0\u00bb background_repeat=\u00a0\u00bbrepeat\u00a0\u00bb text_orientation=\u00a0\u00bbcenter\u00a0\u00bb module_alignment=\u00a0\u00bbcenter\u00a0\u00bb] Galerie d&rsquo;art, yoga, permanences \u00e0 narbonne\u2026 De nombreuses ACTIVIT\u00e9S pour vous enrichir Se former, r\u00e9seauter, rencontrer d&rsquo;autres ind\u00e9pendants,\u00a0avancer [&hellip;]<\/p>\n","protected":false},"author":1,"featured_media":1210,"parent":0,"menu_order":0,"comment_status":"closed","ping_status":"closed","template":"","meta":{"_et_pb_use_builder":"on","_et_pb_old_content":"","_et_gb_content_width":"","footnotes":""},"class_list":["post-1035","page","type-page","status-publish","has-post-thumbnail","hentry"],"yoast_head":"<!-- This site is optimized with the Yoast SEO plugin v20.10 - https:\/\/yoast.com\/wordpress\/plugins\/seo\/ -->\n<title>Un espace de travail culturel et artistique pour accompagner votre d\u00e9veloppement<\/title>\n<meta name=\"description\" content=\"Profitez de nos activit\u00e9s compl\u00e9mentaires directement sur votre lieu de travail: vernissage, yoga, afterwork, ateliers et conf\u00e9rences \u00e0 Narbonne\" \/>\n<meta name=\"robots\" content=\"index, follow, max-snippet:-1, max-image-preview:large, max-video-preview:-1\" \/>\n<link rel=\"canonical\" href=\"https:\/\/new.waw-coworking.com\/index.php\/evenements-narbonne\/\" \/>\n<meta property=\"og:locale\" content=\"fr_FR\" \/>\n<meta property=\"og:type\" content=\"article\" \/>\n<meta property=\"og:title\" content=\"Un espace de travail culturel et artistique pour accompagner votre d\u00e9veloppement\" \/>\n<meta property=\"og:description\" content=\"Profitez de nos activit\u00e9s compl\u00e9mentaires directement sur votre lieu de travail: vernissage, yoga, afterwork, ateliers et conf\u00e9rences \u00e0 Narbonne\" \/>\n<meta property=\"og:url\" content=\"https:\/\/new.waw-coworking.com\/index.php\/evenements-narbonne\/\" \/>\n<meta property=\"og:site_name\" content=\"WAW\" \/>\n<meta name=\"twitter:card\" content=\"summary_large_image\" \/>\n<meta name=\"twitter:label1\" content=\"Dur\u00e9e de lecture estim\u00e9e\" \/>\n\t<meta name=\"twitter:data1\" content=\"1 minute\" \/>\n<script type=\"application\/ld+json\" class=\"yoast-schema-graph\">{\"@context\":\"https:\/\/schema.org\",\"@graph\":[{\"@type\":\"WebPage\",\"@id\":\"https:\/\/new.waw-coworking.com\/index.php\/evenements-narbonne\/\",\"url\":\"https:\/\/new.waw-coworking.com\/index.php\/evenements-narbonne\/\",\"name\":\"Un espace de travail culturel et artistique pour accompagner votre d\u00e9veloppement\",\"isPartOf\":{\"@id\":\"https:\/\/new.waw-coworking.com\/#website\"},\"datePublished\":\"2017-03-07T12:14:52+00:00\",\"dateModified\":\"2017-03-07T12:14:52+00:00\",\"description\":\"Profitez de nos activit\u00e9s compl\u00e9mentaires directement sur votre lieu de travail: vernissage, yoga, afterwork, ateliers et conf\u00e9rences \u00e0 Narbonne\",\"breadcrumb\":{\"@id\":\"https:\/\/new.waw-coworking.com\/index.php\/evenements-narbonne\/#breadcrumb\"},\"inLanguage\":\"fr-FR\",\"potentialAction\":[{\"@type\":\"ReadAction\",\"target\":[\"https:\/\/new.waw-coworking.com\/index.php\/evenements-narbonne\/\"]}]},{\"@type\":\"BreadcrumbList\",\"@id\":\"https:\/\/new.waw-coworking.com\/index.php\/evenements-narbonne\/#breadcrumb\",\"itemListElement\":[{\"@type\":\"ListItem\",\"position\":1,\"name\":\"Acceuil\",\"item\":\"https:\/\/new.waw-coworking.com\/\"},{\"@type\":\"ListItem\",\"position\":2,\"name\":\"ACTIVITES\"}]},{\"@type\":\"WebSite\",\"@id\":\"https:\/\/new.waw-coworking.com\/#website\",\"url\":\"https:\/\/new.waw-coworking.com\/\",\"name\":\"WAW\",\"description\":\"\",\"potentialAction\":[{\"@type\":\"SearchAction\",\"target\":{\"@type\":\"EntryPoint\",\"urlTemplate\":\"https:\/\/new.waw-coworking.com\/?s={search_term_string}\"},\"query-input\":\"required name=search_term_string\"}],\"inLanguage\":\"fr-FR\"}]}<\/script>\n<!-- \/ Yoast SEO plugin. -->","yoast_head_json":{"title":"Un espace de travail culturel et artistique pour accompagner votre d\u00e9veloppement","description":"Profitez de nos activit\u00e9s compl\u00e9mentaires directement sur votre lieu de travail: vernissage, yoga, afterwork, ateliers et conf\u00e9rences \u00e0 Narbonne","robots":{"index":"index","follow":"follow","max-snippet":"max-snippet:-1","max-image-preview":"max-image-preview:large","max-video-preview":"max-video-preview:-1"},"canonical":"https:\/\/new.waw-coworking.com\/index.php\/evenements-narbonne\/","og_locale":"fr_FR","og_type":"article","og_title":"Un espace de travail culturel et artistique pour accompagner votre d\u00e9veloppement","og_description":"Profitez de nos activit\u00e9s compl\u00e9mentaires directement sur votre lieu de travail: vernissage, yoga, afterwork, ateliers et conf\u00e9rences \u00e0 Narbonne","og_url":"https:\/\/new.waw-coworking.com\/index.php\/evenements-narbonne\/","og_site_name":"WAW","twitter_card":"summary_large_image","twitter_misc":{"Dur\u00e9e de lecture estim\u00e9e":"1 minute"},"schema":{"@context":"https:\/\/schema.org","@graph":[{"@type":"WebPage","@id":"https:\/\/new.waw-coworking.com\/index.php\/evenements-narbonne\/","url":"https:\/\/new.waw-coworking.com\/index.php\/evenements-narbonne\/","name":"Un espace de travail culturel et artistique pour accompagner votre d\u00e9veloppement","isPartOf":{"@id":"https:\/\/new.waw-coworking.com\/#website"},"datePublished":"2017-03-07T12:14:52+00:00","dateModified":"2017-03-07T12:14:52+00:00","description":"Profitez de nos activit\u00e9s compl\u00e9mentaires directement sur votre lieu de travail: vernissage, yoga, afterwork, ateliers et conf\u00e9rences \u00e0 Narbonne","breadcrumb":{"@id":"https:\/\/new.waw-coworking.com\/index.php\/evenements-narbonne\/#breadcrumb"},"inLanguage":"fr-FR","potentialAction":[{"@type":"ReadAction","target":["https:\/\/new.waw-coworking.com\/index.php\/evenements-narbonne\/"]}]},{"@type":"BreadcrumbList","@id":"https:\/\/new.waw-coworking.com\/index.php\/evenements-narbonne\/#breadcrumb","itemListElement":[{"@type":"ListItem","position":1,"name":"Acceuil","item":"https:\/\/new.waw-coworking.com\/"},{"@type":"ListItem","position":2,"name":"ACTIVITES"}]},{"@type":"WebSite","@id":"https:\/\/new.waw-coworking.com\/#website","url":"https:\/\/new.waw-coworking.com\/","name":"WAW","description":"","potentialAction":[{"@type":"SearchAction","target":{"@type":"EntryPoint","urlTemplate":"https:\/\/new.waw-coworking.com\/?s={search_term_string}"},"query-input":"required name=search_term_string"}],"inLanguage":"fr-FR"}]}},"_links":{"self":[{"href":"https:\/\/new.waw-coworking.com\/index.php\/wp-json\/wp\/v2\/pages\/1035","targetHints":{"allow":["GET"]}}],"collection":[{"href":"https:\/\/new.waw-coworking.com\/index.php\/wp-json\/wp\/v2\/pages"}],"about":[{"href":"https:\/\/new.waw-coworking.com\/index.php\/wp-json\/wp\/v2\/types\/page"}],"author":[{"embeddable":true,"href":"https:\/\/new.waw-coworking.com\/index.php\/wp-json\/wp\/v2\/users\/1"}],"replies":[{"embeddable":true,"href":"https:\/\/new.waw-coworking.com\/index.php\/wp-json\/wp\/v2\/comments?post=1035"}],"version-history":[{"count":0,"href":"https:\/\/new.waw-coworking.com\/index.php\/wp-json\/wp\/v2\/pages\/1035\/revisions"}],"wp:featuredmedia":[{"embeddable":true,"href":"https:\/\/new.waw-coworking.com\/index.php\/wp-json\/"}],"wp:attachment":[{"href":"https:\/\/new.waw-coworking.com\/index.php\/wp-json\/wp\/v2\/media?parent=1035"}],"curies":[{"name":"wp","href":"https:\/\/api.w.org\/{rel}","templated":true}]}}